{"id":796,"date":"2025-10-15T19:09:46","date_gmt":"2025-10-15T19:09:46","guid":{"rendered":"https:\/\/www.key-inn.com\/contact\/"},"modified":"2025-12-02T15:27:38","modified_gmt":"2025-12-02T15:27:38","slug":"contact","status":"publish","type":"page","link":"https:\/\/www.key-inn.com\/fr\/contact\/","title":{"rendered":"Contact"},"content":{"rendered":"","protected":false},"excerpt":{"rendered":"","protected":false},"author":3,"featured_media":0,"parent":0,"menu_order":0,"comment_status":"closed","ping_status":"closed","template":"","meta":{"footnotes":""},"class_list":["post-796","page","type-page","status-publish","hentry"],"acf":[],"yoast_head":"<!-- This site is optimized with the Yoast SEO plugin v27.4 - https:\/\/yoast.com\/product\/yoast-seo-wordpress\/ -->\n<title>R\u00e9sidences h\u00f4teli\u00e8res Key Inn | Contact<\/title>\n<meta name=\"description\" content=\"L&#039;\u00e9quipe Key Inn organise votre s\u00e9jour sur mesure au Luxembourg. Nous r\u00e9pondons \u00e0 tous vos besoins. Contactez-nous!\" \/>\n<meta name=\"robots\" content=\"index, follow, max-snippet:-1, max-image-preview:large, max-video-preview:-1\" \/>\n<link rel=\"canonical\" href=\"https:\/\/www.key-inn.com\/contact\/\" \/>\n<script type=\"application\/ld+json\" class=\"yoast-schema-graph\">{\"@context\":\"https:\\\/\\\/schema.org\",\"@graph\":[{\"@type\":\"WebPage\",\"@id\":\"https:\\\/\\\/www.key-inn.com\\\/contact\\\/\",\"url\":\"https:\\\/\\\/www.key-inn.com\\\/contact\\\/\",\"name\":\"R\u00e9sidences h\u00f4teli\u00e8res Key Inn | Contact\",\"isPartOf\":{\"@id\":\"https:\\\/\\\/www.key-inn.com\\\/fr\\\/#website\"},\"datePublished\":\"2025-10-15T19:09:46+00:00\",\"dateModified\":\"2025-12-02T15:27:38+00:00\",\"description\":\"L'\u00e9quipe Key Inn organise votre s\u00e9jour sur mesure au Luxembourg. Nous r\u00e9pondons \u00e0 tous vos besoins. Contactez-nous!\",\"breadcrumb\":{\"@id\":\"https:\\\/\\\/www.key-inn.com\\\/contact\\\/#breadcrumb\"},\"inLanguage\":\"fr-FR\",\"potentialAction\":[{\"@type\":\"ReadAction\",\"target\":[\"https:\\\/\\\/www.key-inn.com\\\/contact\\\/\"]}]},{\"@type\":\"BreadcrumbList\",\"@id\":\"https:\\\/\\\/www.key-inn.com\\\/contact\\\/#breadcrumb\",\"itemListElement\":[{\"@type\":\"ListItem\",\"position\":1,\"name\":\"Home\",\"item\":\"https:\\\/\\\/www.key-inn.com\\\/fr\\\/\"},{\"@type\":\"ListItem\",\"position\":2,\"name\":\"Contact\"}]},{\"@type\":\"WebSite\",\"@id\":\"https:\\\/\\\/www.key-inn.com\\\/fr\\\/#website\",\"url\":\"https:\\\/\\\/www.key-inn.com\\\/fr\\\/\",\"name\":\"Key Inn Serviced Residences\",\"description\":\"Your SUPER-powered WP Engine Site\",\"publisher\":{\"@id\":\"https:\\\/\\\/www.key-inn.com\\\/fr\\\/#organization\"},\"potentialAction\":[{\"@type\":\"SearchAction\",\"target\":{\"@type\":\"EntryPoint\",\"urlTemplate\":\"https:\\\/\\\/www.key-inn.com\\\/fr\\\/?s={search_term_string}\"},\"query-input\":{\"@type\":\"PropertyValueSpecification\",\"valueRequired\":true,\"valueName\":\"search_term_string\"}}],\"inLanguage\":\"fr-FR\"},{\"@type\":\"Organization\",\"@id\":\"https:\\\/\\\/www.key-inn.com\\\/fr\\\/#organization\",\"name\":\"Key Inn Serviced Residences\",\"url\":\"https:\\\/\\\/www.key-inn.com\\\/fr\\\/\",\"logo\":{\"@type\":\"ImageObject\",\"inLanguage\":\"fr-FR\",\"@id\":\"https:\\\/\\\/www.key-inn.com\\\/fr\\\/#\\\/schema\\\/logo\\\/image\\\/\",\"url\":\"https:\\\/\\\/www.key-inn.com\\\/wp-content\\\/uploads\\\/2025\\\/10\\\/Key-Inn-Logo-2025.svg\",\"contentUrl\":\"https:\\\/\\\/www.key-inn.com\\\/wp-content\\\/uploads\\\/2025\\\/10\\\/Key-Inn-Logo-2025.svg\",\"width\":180,\"height\":41,\"caption\":\"Key Inn Serviced Residences\"},\"image\":{\"@id\":\"https:\\\/\\\/www.key-inn.com\\\/fr\\\/#\\\/schema\\\/logo\\\/image\\\/\"}}]}<\/script>\n<!-- \/ Yoast SEO plugin. -->","yoast_head_json":{"title":"R\u00e9sidences h\u00f4teli\u00e8res Key Inn | Contact","description":"L'\u00e9quipe Key Inn organise votre s\u00e9jour sur mesure au Luxembourg. Nous r\u00e9pondons \u00e0 tous vos besoins. Contactez-nous!","robots":{"index":"index","follow":"follow","max-snippet":"max-snippet:-1","max-image-preview":"max-image-preview:large","max-video-preview":"max-video-preview:-1"},"canonical":"https:\/\/www.key-inn.com\/contact\/","schema":{"@context":"https:\/\/schema.org","@graph":[{"@type":"WebPage","@id":"https:\/\/www.key-inn.com\/contact\/","url":"https:\/\/www.key-inn.com\/contact\/","name":"R\u00e9sidences h\u00f4teli\u00e8res Key Inn | Contact","isPartOf":{"@id":"https:\/\/www.key-inn.com\/fr\/#website"},"datePublished":"2025-10-15T19:09:46+00:00","dateModified":"2025-12-02T15:27:38+00:00","description":"L'\u00e9quipe Key Inn organise votre s\u00e9jour sur mesure au Luxembourg. Nous r\u00e9pondons \u00e0 tous vos besoins. Contactez-nous!","breadcrumb":{"@id":"https:\/\/www.key-inn.com\/contact\/#breadcrumb"},"inLanguage":"fr-FR","potentialAction":[{"@type":"ReadAction","target":["https:\/\/www.key-inn.com\/contact\/"]}]},{"@type":"BreadcrumbList","@id":"https:\/\/www.key-inn.com\/contact\/#breadcrumb","itemListElement":[{"@type":"ListItem","position":1,"name":"Home","item":"https:\/\/www.key-inn.com\/fr\/"},{"@type":"ListItem","position":2,"name":"Contact"}]},{"@type":"WebSite","@id":"https:\/\/www.key-inn.com\/fr\/#website","url":"https:\/\/www.key-inn.com\/fr\/","name":"Key Inn Serviced Residences","description":"Your SUPER-powered WP Engine Site","publisher":{"@id":"https:\/\/www.key-inn.com\/fr\/#organization"},"potentialAction":[{"@type":"SearchAction","target":{"@type":"EntryPoint","urlTemplate":"https:\/\/www.key-inn.com\/fr\/?s={search_term_string}"},"query-input":{"@type":"PropertyValueSpecification","valueRequired":true,"valueName":"search_term_string"}}],"inLanguage":"fr-FR"},{"@type":"Organization","@id":"https:\/\/www.key-inn.com\/fr\/#organization","name":"Key Inn Serviced Residences","url":"https:\/\/www.key-inn.com\/fr\/","logo":{"@type":"ImageObject","inLanguage":"fr-FR","@id":"https:\/\/www.key-inn.com\/fr\/#\/schema\/logo\/image\/","url":"https:\/\/www.key-inn.com\/wp-content\/uploads\/2025\/10\/Key-Inn-Logo-2025.svg","contentUrl":"https:\/\/www.key-inn.com\/wp-content\/uploads\/2025\/10\/Key-Inn-Logo-2025.svg","width":180,"height":41,"caption":"Key Inn Serviced Residences"},"image":{"@id":"https:\/\/www.key-inn.com\/fr\/#\/schema\/logo\/image\/"}}]}},"featured_image_src":null,"featured_image_src_square":null,"_links":{"self":[{"href":"https:\/\/www.key-inn.com\/fr\/wp-json\/wp\/v2\/pages\/796","targetHints":{"allow":["GET"]}}],"collection":[{"href":"https:\/\/www.key-inn.com\/fr\/wp-json\/wp\/v2\/pages"}],"about":[{"href":"https:\/\/www.key-inn.com\/fr\/wp-json\/wp\/v2\/types\/page"}],"author":[{"embeddable":true,"href":"https:\/\/www.key-inn.com\/fr\/wp-json\/wp\/v2\/users\/3"}],"replies":[{"embeddable":true,"href":"https:\/\/www.key-inn.com\/fr\/wp-json\/wp\/v2\/comments?post=796"}],"version-history":[{"count":0,"href":"https:\/\/www.key-inn.com\/fr\/wp-json\/wp\/v2\/pages\/796\/revisions"}],"wp:attachment":[{"href":"https:\/\/www.key-inn.com\/fr\/wp-json\/wp\/v2\/media?parent=796"}],"curies":[{"name":"wp","href":"https:\/\/api.w.org\/{rel}","templated":true}]}}