{"id":797,"date":"2025-10-16T16:43:57","date_gmt":"2025-10-16T16:43:57","guid":{"rendered":"https:\/\/www.key-inn.com\/politique-en-matiere-de-cookies\/"},"modified":"2025-12-02T15:28:21","modified_gmt":"2025-12-02T15:28:21","slug":"politique-en-matiere-de-cookies","status":"publish","type":"page","link":"https:\/\/www.key-inn.com\/fr\/politique-en-matiere-de-cookies\/","title":{"rendered":"Politique en mati\u00e8re de cookies"},"content":{"rendered":"","protected":false},"excerpt":{"rendered":"","protected":false},"author":3,"featured_media":0,"parent":0,"menu_order":0,"comment_status":"closed","ping_status":"closed","template":"","meta":{"footnotes":""},"class_list":["post-797","page","type-page","status-publish","hentry"],"acf":[],"yoast_head":"<!-- This site is optimized with the Yoast SEO plugin v27.2 - https:\/\/yoast.com\/product\/yoast-seo-wordpress\/ -->\n<title>R\u00e9sidences h\u00f4teli\u00e8res Key Inn | Politique en mati\u00e8re de cookies<\/title>\n<meta name=\"description\" content=\"Consultez notre Politique Cookies: Comprenez l&#039;usage de vos donn\u00e9es et g\u00e9rez les param\u00e8tres sur le site Key Inn.\" \/>\n<meta name=\"robots\" content=\"index, follow, max-snippet:-1, max-image-preview:large, max-video-preview:-1\" \/>\n<link rel=\"canonical\" href=\"https:\/\/www.key-inn.com\/cookie-policy\/\" \/>\n<script type=\"application\/ld+json\" class=\"yoast-schema-graph\">{\"@context\":\"https:\/\/schema.org\",\"@graph\":[{\"@type\":\"WebPage\",\"@id\":\"https:\/\/www.key-inn.com\/cookie-policy\/\",\"url\":\"https:\/\/www.key-inn.com\/cookie-policy\/\",\"name\":\"R\u00e9sidences h\u00f4teli\u00e8res Key Inn | Politique en mati\u00e8re de cookies\",\"isPartOf\":{\"@id\":\"https:\/\/www.key-inn.com\/#website\"},\"datePublished\":\"2025-10-16T16:43:57+00:00\",\"dateModified\":\"2025-12-02T15:28:21+00:00\",\"description\":\"Consultez notre Politique Cookies: Comprenez l'usage de vos donn\u00e9es et g\u00e9rez les param\u00e8tres sur le site Key Inn.\",\"breadcrumb\":{\"@id\":\"https:\/\/www.key-inn.com\/cookie-policy\/#breadcrumb\"},\"inLanguage\":\"fr-FR\",\"potentialAction\":[{\"@type\":\"ReadAction\",\"target\":[\"https:\/\/www.key-inn.com\/cookie-policy\/\"]}]},{\"@type\":\"BreadcrumbList\",\"@id\":\"https:\/\/www.key-inn.com\/cookie-policy\/#breadcrumb\",\"itemListElement\":[{\"@type\":\"ListItem\",\"position\":1,\"name\":\"Home\",\"item\":\"https:\/\/www.key-inn.com\/fr\/\"},{\"@type\":\"ListItem\",\"position\":2,\"name\":\"Politique en mati\u00e8re de cookies\"}]},{\"@type\":\"WebSite\",\"@id\":\"https:\/\/www.key-inn.com\/#website\",\"url\":\"https:\/\/www.key-inn.com\/\",\"name\":\"Key Inn Serviced Residences\",\"description\":\"Your SUPER-powered WP Engine Site\",\"publisher\":{\"@id\":\"https:\/\/www.key-inn.com\/#organization\"},\"potentialAction\":[{\"@type\":\"SearchAction\",\"target\":{\"@type\":\"EntryPoint\",\"urlTemplate\":\"https:\/\/www.key-inn.com\/?s={search_term_string}\"},\"query-input\":{\"@type\":\"PropertyValueSpecification\",\"valueRequired\":true,\"valueName\":\"search_term_string\"}}],\"inLanguage\":\"fr-FR\"},{\"@type\":\"Organization\",\"@id\":\"https:\/\/www.key-inn.com\/#organization\",\"name\":\"Key Inn Serviced Residences\",\"url\":\"https:\/\/www.key-inn.com\/\",\"logo\":{\"@type\":\"ImageObject\",\"inLanguage\":\"fr-FR\",\"@id\":\"https:\/\/www.key-inn.com\/#\/schema\/logo\/image\/\",\"url\":\"https:\/\/www.key-inn.com\/wp-content\/uploads\/2025\/10\/Key-Inn-Logo-2025.svg\",\"contentUrl\":\"https:\/\/www.key-inn.com\/wp-content\/uploads\/2025\/10\/Key-Inn-Logo-2025.svg\",\"width\":180,\"height\":41,\"caption\":\"Key Inn Serviced Residences\"},\"image\":{\"@id\":\"https:\/\/www.key-inn.com\/#\/schema\/logo\/image\/\"}}]}<\/script>\n<!-- \/ Yoast SEO plugin. -->","yoast_head_json":{"title":"R\u00e9sidences h\u00f4teli\u00e8res Key Inn | Politique en mati\u00e8re de cookies","description":"Consultez notre Politique Cookies: Comprenez l'usage de vos donn\u00e9es et g\u00e9rez les param\u00e8tres sur le site Key Inn.","robots":{"index":"index","follow":"follow","max-snippet":"max-snippet:-1","max-image-preview":"max-image-preview:large","max-video-preview":"max-video-preview:-1"},"canonical":"https:\/\/www.key-inn.com\/cookie-policy\/","schema":{"@context":"https:\/\/schema.org","@graph":[{"@type":"WebPage","@id":"https:\/\/www.key-inn.com\/cookie-policy\/","url":"https:\/\/www.key-inn.com\/cookie-policy\/","name":"R\u00e9sidences h\u00f4teli\u00e8res Key Inn | Politique en mati\u00e8re de cookies","isPartOf":{"@id":"https:\/\/www.key-inn.com\/#website"},"datePublished":"2025-10-16T16:43:57+00:00","dateModified":"2025-12-02T15:28:21+00:00","description":"Consultez notre Politique Cookies: Comprenez l'usage de vos donn\u00e9es et g\u00e9rez les param\u00e8tres sur le site Key Inn.","breadcrumb":{"@id":"https:\/\/www.key-inn.com\/cookie-policy\/#breadcrumb"},"inLanguage":"fr-FR","potentialAction":[{"@type":"ReadAction","target":["https:\/\/www.key-inn.com\/cookie-policy\/"]}]},{"@type":"BreadcrumbList","@id":"https:\/\/www.key-inn.com\/cookie-policy\/#breadcrumb","itemListElement":[{"@type":"ListItem","position":1,"name":"Home","item":"https:\/\/www.key-inn.com\/fr\/"},{"@type":"ListItem","position":2,"name":"Politique en mati\u00e8re de cookies"}]},{"@type":"WebSite","@id":"https:\/\/www.key-inn.com\/#website","url":"https:\/\/www.key-inn.com\/","name":"Key Inn Serviced Residences","description":"Your SUPER-powered WP Engine Site","publisher":{"@id":"https:\/\/www.key-inn.com\/#organization"},"potentialAction":[{"@type":"SearchAction","target":{"@type":"EntryPoint","urlTemplate":"https:\/\/www.key-inn.com\/?s={search_term_string}"},"query-input":{"@type":"PropertyValueSpecification","valueRequired":true,"valueName":"search_term_string"}}],"inLanguage":"fr-FR"},{"@type":"Organization","@id":"https:\/\/www.key-inn.com\/#organization","name":"Key Inn Serviced Residences","url":"https:\/\/www.key-inn.com\/","logo":{"@type":"ImageObject","inLanguage":"fr-FR","@id":"https:\/\/www.key-inn.com\/#\/schema\/logo\/image\/","url":"https:\/\/www.key-inn.com\/wp-content\/uploads\/2025\/10\/Key-Inn-Logo-2025.svg","contentUrl":"https:\/\/www.key-inn.com\/wp-content\/uploads\/2025\/10\/Key-Inn-Logo-2025.svg","width":180,"height":41,"caption":"Key Inn Serviced Residences"},"image":{"@id":"https:\/\/www.key-inn.com\/#\/schema\/logo\/image\/"}}]}},"featured_image_src":null,"featured_image_src_square":null,"_links":{"self":[{"href":"https:\/\/www.key-inn.com\/fr\/wp-json\/wp\/v2\/pages\/797","targetHints":{"allow":["GET"]}}],"collection":[{"href":"https:\/\/www.key-inn.com\/fr\/wp-json\/wp\/v2\/pages"}],"about":[{"href":"https:\/\/www.key-inn.com\/fr\/wp-json\/wp\/v2\/types\/page"}],"author":[{"embeddable":true,"href":"https:\/\/www.key-inn.com\/fr\/wp-json\/wp\/v2\/users\/3"}],"replies":[{"embeddable":true,"href":"https:\/\/www.key-inn.com\/fr\/wp-json\/wp\/v2\/comments?post=797"}],"version-history":[{"count":0,"href":"https:\/\/www.key-inn.com\/fr\/wp-json\/wp\/v2\/pages\/797\/revisions"}],"wp:attachment":[{"href":"https:\/\/www.key-inn.com\/fr\/wp-json\/wp\/v2\/media?parent=797"}],"curies":[{"name":"wp","href":"https:\/\/api.w.org\/{rel}","templated":true}]}}