{"id":809,"date":"2025-07-25T15:46:58","date_gmt":"2025-07-25T15:46:58","guid":{"rendered":"https:\/\/www.key-inn.com\/politique-de-confidentialite\/"},"modified":"2025-12-02T16:04:39","modified_gmt":"2025-12-02T16:04:39","slug":"politique-de-confidentialite","status":"publish","type":"page","link":"https:\/\/www.key-inn.com\/fr\/politique-de-confidentialite\/","title":{"rendered":"politique de confidentialit\u00e9"},"content":{"rendered":"\n<h2 class=\"wp-block-heading\">Qui nous sommes<\/h2>\n\n<p>L&rsquo;adresse de notre site Web est: https:\/\/www.key-inn.com.<\/p>\n\n<h2 class=\"wp-block-heading\">Commentaires<\/h2>\n\n<p>Lorsque les visiteurs laissent des commentaires sur le site, nous collectons les donn\u00e9es affich\u00e9es dans le formulaire de commentaires, ainsi que l\u2019adresse IP du visiteur et la cha\u00eene de l\u2019agent utilisateur du navigateur pour aider \u00e0 la d\u00e9tection du spam.<\/p>\n\n<p>Une cha\u00eene anonymis\u00e9e cr\u00e9\u00e9e \u00e0 partir de votre adresse e-mail (\u00e9galement appel\u00e9e hachage) peut \u00eatre transmise au service Gravatar pour v\u00e9rifier si vous l&rsquo;utilisez. La politique de confidentialit\u00e9 du service Gravatar est disponible ici : https:\/\/automattic.com\/privacy\/. Apr\u00e8s validation de votre commentaire, votre photo de profil sera visible publiquement \u00e0 c\u00f4t\u00e9 de celui-ci. <\/p>\n\n<h2 class=\"wp-block-heading\">Media<\/h2>\n\n<p>Si vous t\u00e9l\u00e9chargez des images sur le site web, \u00e9vitez celles contenant des donn\u00e9es de localisation EXIF \u200b\u200b(GPS). Les visiteurs du site web peuvent t\u00e9l\u00e9charger et extraire ces donn\u00e9es de localisation. <\/p>\n\n<h2 class=\"wp-block-heading\">Cookies<\/h2>\n\n<p>Si vous laissez un commentaire sur notre site, vous pouvez choisir d&rsquo;enregistrer votre nom, votre adresse e-mail et votre site web dans des cookies. Ces cookies sont uniquement destin\u00e9s \u00e0 vous faciliter la t\u00e2che et vous \u00e9viteront de les saisir \u00e0 nouveau lorsque vous laisserez un autre commentaire. Ces cookies auront une dur\u00e9e de vie d&rsquo;un an.  <\/p>\n\n<p>Si vous visitez notre page de connexion, nous installerons un cookie temporaire afin de d\u00e9terminer si votre navigateur accepte les cookies. Ce cookie ne contient aucune donn\u00e9e personnelle et sera supprim\u00e9 \u00e0 la fermeture de votre navigateur. <\/p>\n\n<p>Lorsque vous vous connectez, nous utilisons \u00e9galement plusieurs cookies pour enregistrer vos informations de connexion et vos pr\u00e9f\u00e9rences d&rsquo;affichage. La dur\u00e9e de vie des cookies de connexion est de deux jours et celle des cookies d&rsquo;options d&rsquo;affichage est d&rsquo;un an. Si vous cochez \u00ab\u00a0Se souvenir de moi\u00a0\u00bb, votre connexion sera conserv\u00e9e pendant deux semaines. Si vous vous d\u00e9connectez de votre compte, les cookies de connexion seront supprim\u00e9s.   <\/p>\n\n<p>Si vous modifiez ou publiez un article, un cookie suppl\u00e9mentaire sera enregistr\u00e9 dans votre navigateur. Ce cookie ne contient aucune donn\u00e9e personnelle et indique simplement l&rsquo;identifiant de l&rsquo;article que vous venez de modifier. Il expire au bout d&rsquo;un jour.  <\/p>\n\n<h2 class=\"wp-block-heading\">Contenu int\u00e9gr\u00e9 provenant d&rsquo;autres sites Web<\/h2>\n\n<p>Les articles de ce site peuvent inclure du contenu int\u00e9gr\u00e9 (par exemple, des vid\u00e9os, des images, des articles, etc.). Le contenu int\u00e9gr\u00e9 provenant d&rsquo;autres sites web se comporte exactement de la m\u00eame mani\u00e8re que si le visiteur avait visit\u00e9 cet autre site web. <\/p>\n\n<p>Ces sites Web peuvent collecter des donn\u00e9es vous concernant, utiliser des cookies, int\u00e9grer un suivi tiers suppl\u00e9mentaire et surveiller votre interaction avec ce contenu int\u00e9gr\u00e9, y compris le suivi de votre interaction avec le contenu int\u00e9gr\u00e9 si vous avez un compte et \u00eates connect\u00e9 \u00e0 ce site Web.<\/p>\n\n<h2 class=\"wp-block-heading\">Avec qui partageons-nous vos donn\u00e9es<\/h2>\n\n<p>Si vous demandez une r\u00e9initialisation de mot de passe, votre adresse IP sera incluse dans l&rsquo;e-mail de r\u00e9initialisation.<\/p>\n\n<h2 class=\"wp-block-heading\">Combien de temps conservons-nous vos donn\u00e9es<\/h2>\n\n<p>Si vous laissez un commentaire, celui-ci et ses m\u00e9tadonn\u00e9es sont conserv\u00e9s ind\u00e9finiment. Cela nous permet de reconna\u00eetre et d&rsquo;approuver automatiquement les commentaires suivants, au lieu de les laisser en attente de mod\u00e9ration. <\/p>\n\n<p>Pour les utilisateurs qui s&rsquo;inscrivent sur notre site web (le cas \u00e9ch\u00e9ant), nous stockons \u00e9galement les informations personnelles qu&rsquo;ils fournissent dans leur profil. Tous les utilisateurs peuvent consulter, modifier ou supprimer leurs informations personnelles \u00e0 tout moment (\u00e0 l&rsquo;exception de leur nom d&rsquo;utilisateur). Les administrateurs du site web peuvent \u00e9galement consulter et modifier ces informations.  <\/p>\n\n<h2 class=\"wp-block-heading\">Quels droits avez-vous sur vos donn\u00e9es<\/h2>\n\n<p>Si vous avez un compte sur ce site ou si vous avez laiss\u00e9 des commentaires, vous pouvez demander \u00e0 recevoir un fichier contenant toutes les donn\u00e9es personnelles que nous d\u00e9tenons \u00e0 votre sujet, y compris celles que vous nous avez fournies. Vous pouvez \u00e9galement demander la suppression de toutes les donn\u00e9es personnelles vous concernant. Cela n&rsquo;inclut pas les donn\u00e9es que nous sommes tenus de conserver \u00e0 des fins administratives, l\u00e9gales ou de s\u00e9curit\u00e9.  <\/p>\n\n<h2 class=\"wp-block-heading\">O\u00f9 vos donn\u00e9es sont envoy\u00e9es<\/h2>\n\n<p>Les commentaires des visiteurs peuvent \u00eatre v\u00e9rifi\u00e9s via un service automatis\u00e9 de d\u00e9tection de spam.<\/p>\n","protected":false},"excerpt":{"rendered":"<p>Qui nous sommes L&rsquo;adresse de notre site Web est: https:\/\/www.key-inn.com. Commentaires Lorsque les visiteurs laissent des commentaires sur le site, nous collectons les donn\u00e9es affich\u00e9es dans le formulaire de commentaires, ainsi que l\u2019adresse IP du visiteur et la cha\u00eene de l\u2019agent utilisateur du navigateur pour aider \u00e0 la d\u00e9tection du spam. Une cha\u00eene anonymis\u00e9e cr\u00e9\u00e9e [&hellip;]<\/p>\n","protected":false},"author":1,"featured_media":0,"parent":0,"menu_order":0,"comment_status":"closed","ping_status":"open","template":"","meta":{"footnotes":""},"class_list":["post-809","page","type-page","status-publish","hentry"],"acf":[],"yoast_head":"<!-- This site is optimized with the Yoast SEO plugin v27.2 - https:\/\/yoast.com\/product\/yoast-seo-wordpress\/ -->\n<title>R\u00e9sidences h\u00f4teli\u00e8res Key Inn | politique de confidentialit\u00e9<\/title>\n<meta name=\"description\" content=\"Key Inn: How do we manage your data? Find furnished apartments &amp; studios in Belair, Parc de Merl, Limpertsberg.\" \/>\n<meta name=\"robots\" content=\"index, follow, max-snippet:-1, max-image-preview:large, max-video-preview:-1\" \/>\n<link rel=\"canonical\" href=\"https:\/\/www.key-inn.com\/privacy-policy\/\" \/>\n<script type=\"application\/ld+json\" class=\"yoast-schema-graph\">{\"@context\":\"https:\/\/schema.org\",\"@graph\":[{\"@type\":\"WebPage\",\"@id\":\"https:\/\/www.key-inn.com\/privacy-policy\/\",\"url\":\"https:\/\/www.key-inn.com\/privacy-policy\/\",\"name\":\"R\u00e9sidences h\u00f4teli\u00e8res Key Inn | politique de confidentialit\u00e9\",\"isPartOf\":{\"@id\":\"https:\/\/www.key-inn.com\/#website\"},\"datePublished\":\"2025-07-25T15:46:58+00:00\",\"dateModified\":\"2025-12-02T16:04:39+00:00\",\"description\":\"Key Inn: How do we manage your data? Find furnished apartments & studios in Belair, Parc de Merl, Limpertsberg.\",\"breadcrumb\":{\"@id\":\"https:\/\/www.key-inn.com\/privacy-policy\/#breadcrumb\"},\"inLanguage\":\"fr-FR\",\"potentialAction\":[{\"@type\":\"ReadAction\",\"target\":[\"https:\/\/www.key-inn.com\/privacy-policy\/\"]}]},{\"@type\":\"BreadcrumbList\",\"@id\":\"https:\/\/www.key-inn.com\/privacy-policy\/#breadcrumb\",\"itemListElement\":[{\"@type\":\"ListItem\",\"position\":1,\"name\":\"Home\",\"item\":\"https:\/\/www.key-inn.com\/fr\/\"},{\"@type\":\"ListItem\",\"position\":2,\"name\":\"politique de confidentialit\u00e9\"}]},{\"@type\":\"WebSite\",\"@id\":\"https:\/\/www.key-inn.com\/#website\",\"url\":\"https:\/\/www.key-inn.com\/\",\"name\":\"Key Inn Serviced Residences\",\"description\":\"Your SUPER-powered WP Engine Site\",\"publisher\":{\"@id\":\"https:\/\/www.key-inn.com\/#organization\"},\"potentialAction\":[{\"@type\":\"SearchAction\",\"target\":{\"@type\":\"EntryPoint\",\"urlTemplate\":\"https:\/\/www.key-inn.com\/?s={search_term_string}\"},\"query-input\":{\"@type\":\"PropertyValueSpecification\",\"valueRequired\":true,\"valueName\":\"search_term_string\"}}],\"inLanguage\":\"fr-FR\"},{\"@type\":\"Organization\",\"@id\":\"https:\/\/www.key-inn.com\/#organization\",\"name\":\"Key Inn Serviced Residences\",\"url\":\"https:\/\/www.key-inn.com\/\",\"logo\":{\"@type\":\"ImageObject\",\"inLanguage\":\"fr-FR\",\"@id\":\"https:\/\/www.key-inn.com\/#\/schema\/logo\/image\/\",\"url\":\"https:\/\/www.key-inn.com\/wp-content\/uploads\/2025\/10\/Key-Inn-Logo-2025.svg\",\"contentUrl\":\"https:\/\/www.key-inn.com\/wp-content\/uploads\/2025\/10\/Key-Inn-Logo-2025.svg\",\"width\":180,\"height\":41,\"caption\":\"Key Inn Serviced Residences\"},\"image\":{\"@id\":\"https:\/\/www.key-inn.com\/#\/schema\/logo\/image\/\"}}]}<\/script>\n<!-- \/ Yoast SEO plugin. -->","yoast_head_json":{"title":"R\u00e9sidences h\u00f4teli\u00e8res Key Inn | politique de confidentialit\u00e9","description":"Key Inn: How do we manage your data? Find furnished apartments & studios in Belair, Parc de Merl, Limpertsberg.","robots":{"index":"index","follow":"follow","max-snippet":"max-snippet:-1","max-image-preview":"max-image-preview:large","max-video-preview":"max-video-preview:-1"},"canonical":"https:\/\/www.key-inn.com\/privacy-policy\/","schema":{"@context":"https:\/\/schema.org","@graph":[{"@type":"WebPage","@id":"https:\/\/www.key-inn.com\/privacy-policy\/","url":"https:\/\/www.key-inn.com\/privacy-policy\/","name":"R\u00e9sidences h\u00f4teli\u00e8res Key Inn | politique de confidentialit\u00e9","isPartOf":{"@id":"https:\/\/www.key-inn.com\/#website"},"datePublished":"2025-07-25T15:46:58+00:00","dateModified":"2025-12-02T16:04:39+00:00","description":"Key Inn: How do we manage your data? Find furnished apartments & studios in Belair, Parc de Merl, Limpertsberg.","breadcrumb":{"@id":"https:\/\/www.key-inn.com\/privacy-policy\/#breadcrumb"},"inLanguage":"fr-FR","potentialAction":[{"@type":"ReadAction","target":["https:\/\/www.key-inn.com\/privacy-policy\/"]}]},{"@type":"BreadcrumbList","@id":"https:\/\/www.key-inn.com\/privacy-policy\/#breadcrumb","itemListElement":[{"@type":"ListItem","position":1,"name":"Home","item":"https:\/\/www.key-inn.com\/fr\/"},{"@type":"ListItem","position":2,"name":"politique de confidentialit\u00e9"}]},{"@type":"WebSite","@id":"https:\/\/www.key-inn.com\/#website","url":"https:\/\/www.key-inn.com\/","name":"Key Inn Serviced Residences","description":"Your SUPER-powered WP Engine Site","publisher":{"@id":"https:\/\/www.key-inn.com\/#organization"},"potentialAction":[{"@type":"SearchAction","target":{"@type":"EntryPoint","urlTemplate":"https:\/\/www.key-inn.com\/?s={search_term_string}"},"query-input":{"@type":"PropertyValueSpecification","valueRequired":true,"valueName":"search_term_string"}}],"inLanguage":"fr-FR"},{"@type":"Organization","@id":"https:\/\/www.key-inn.com\/#organization","name":"Key Inn Serviced Residences","url":"https:\/\/www.key-inn.com\/","logo":{"@type":"ImageObject","inLanguage":"fr-FR","@id":"https:\/\/www.key-inn.com\/#\/schema\/logo\/image\/","url":"https:\/\/www.key-inn.com\/wp-content\/uploads\/2025\/10\/Key-Inn-Logo-2025.svg","contentUrl":"https:\/\/www.key-inn.com\/wp-content\/uploads\/2025\/10\/Key-Inn-Logo-2025.svg","width":180,"height":41,"caption":"Key Inn Serviced Residences"},"image":{"@id":"https:\/\/www.key-inn.com\/#\/schema\/logo\/image\/"}}]}},"featured_image_src":null,"featured_image_src_square":null,"_links":{"self":[{"href":"https:\/\/www.key-inn.com\/fr\/wp-json\/wp\/v2\/pages\/809","targetHints":{"allow":["GET"]}}],"collection":[{"href":"https:\/\/www.key-inn.com\/fr\/wp-json\/wp\/v2\/pages"}],"about":[{"href":"https:\/\/www.key-inn.com\/fr\/wp-json\/wp\/v2\/types\/page"}],"author":[{"embeddable":true,"href":"https:\/\/www.key-inn.com\/fr\/wp-json\/wp\/v2\/users\/1"}],"replies":[{"embeddable":true,"href":"https:\/\/www.key-inn.com\/fr\/wp-json\/wp\/v2\/comments?post=809"}],"version-history":[{"count":0,"href":"https:\/\/www.key-inn.com\/fr\/wp-json\/wp\/v2\/pages\/809\/revisions"}],"wp:attachment":[{"href":"https:\/\/www.key-inn.com\/fr\/wp-json\/wp\/v2\/media?parent=809"}],"curies":[{"name":"wp","href":"https:\/\/api.w.org\/{rel}","templated":true}]}}